{"id":565,"date":"2019-01-03T17:35:53","date_gmt":"2019-01-03T16:35:53","guid":{"rendered":"https:\/\/lassotakrawiec.pl\/?page_id=565&#038;lang=en"},"modified":"2020-05-25T17:26:33","modified_gmt":"2020-05-25T15:26:33","slug":"about-us","status":"publish","type":"page","link":"https:\/\/lassotakrawiec.pl\/en\/about-us\/","title":{"rendered":"About Us"},"content":{"rendered":"<p>We have created <a href=\"https:\/\/lassotakrawiec.pl\/en\/praca\/law-intern\/\">Lassota Krawiec Law Firm<\/a>, a general partnership, in order to help our clients in specialised and demanding areas of law. You may find our offices in Krakow and Warsaw. Our lawyers work throughout Poland and abroad.<\/p>\n<p>We specialise in selected areas of law: medical law, IT law and <a href=\"https:\/\/lassotakrawiec.pl\/en\/specjalizacja\/personal-data\/\">personal data protection<\/a>, film and advertising law, <a href=\"https:\/\/lassotakrawiec.pl\/en\/specjalizacja\/ip-law\/\">copyright law<\/a>, <a href=\"https:\/\/lassotakrawiec.pl\/en\/specjalizacja\/public-procurement\/\">public procurement<\/a> and <a href=\"https:\/\/lassotakrawiec.pl\/en\/specjalizacja\/labour-law\/\">labour law<\/a>. We act as attorneys in court and in arbitration, we provide permanent legal services, we advise on individual matters, we audit legal solutions, and represent our clients during mediations and negotiations.<\/p>\n<p>We also organize and conduct legal trainings, constantly expanding our team of experienced trainers.<\/p>\n<p>In our team we have experienced advocates and legal counsels ,lawyers and specialists.<br \/>\nBefore we created the Lassota Law Firm as an independent general partnership, we were the Krakow branch of the LASSOTA I PARTNERZY Law Firm, existing since 2002.<\/p>\n","protected":false},"excerpt":{"rendered":"<p>We have created Lassota Krawiec Law Firm, a general partnership, in order to help our clients in specialised and demanding areas of law. You may find our offices in Krakow and Warsaw. Our lawyers work throughout Poland and abroad. We specialise in selected areas of law: medical law, IT law and personal data protection, film [&hellip;]<\/p>\n","protected":false},"author":3,"featured_media":0,"parent":0,"menu_order":15,"comment_status":"closed","ping_status":"closed","template":"page-o-kancelarii.php","meta":{"_acf_changed":false,"footnotes":""},"class_list":["post-565","page","type-page","status-publish","hentry"],"acf":[],"yoast_head":"<!-- This site is optimized with the Yoast SEO plugin v27.0 - https:\/\/yoast.com\/product\/yoast-seo-wordpress\/ -->\n<title>About Us<\/title>\n<meta name=\"description\" content=\"Kancelaria Lassota - us\u0142ugi prawne, doradztwo i szkolenia prawne.\" \/>\n<meta name=\"robots\" content=\"index, follow, max-snippet:-1, max-image-preview:large, max-video-preview:-1\" \/>\n<link rel=\"canonical\" href=\"https:\/\/lassotakrawiec.pl\/en\/about-us\/\" \/>\n<meta property=\"og:locale\" content=\"en_US\" \/>\n<meta property=\"og:type\" content=\"article\" \/>\n<meta property=\"og:title\" content=\"About Us\" \/>\n<meta property=\"og:description\" content=\"Kancelaria Lassota - us\u0142ugi prawne, doradztwo i szkolenia prawne.\" \/>\n<meta property=\"og:url\" content=\"https:\/\/lassotakrawiec.pl\/en\/about-us\/\" \/>\n<meta property=\"og:site_name\" content=\"kancelaria prawna Lassota Krawiec sp. j. - Adwokaci, Radcy Prawni - Krak\u00f3w, Warszawa\" \/>\n<meta property=\"article:publisher\" content=\"https:\/\/www.facebook.com\/lassotakrawiec\" \/>\n<meta property=\"article:modified_time\" content=\"2020-05-25T15:26:33+00:00\" \/>\n<meta name=\"twitter:card\" content=\"summary_large_image\" \/>\n<meta name=\"twitter:label1\" content=\"Est. reading time\" \/>\n\t<meta name=\"twitter:data1\" content=\"1 minute\" \/>\n<!-- \/ Yoast SEO plugin. -->","yoast_head_json":{"title":"About Us","description":"Kancelaria Lassota - us\u0142ugi prawne, doradztwo i szkolenia prawne.","robots":{"index":"index","follow":"follow","max-snippet":"max-snippet:-1","max-image-preview":"max-image-preview:large","max-video-preview":"max-video-preview:-1"},"canonical":"https:\/\/lassotakrawiec.pl\/en\/about-us\/","og_locale":"en_US","og_type":"article","og_title":"About Us","og_description":"Kancelaria Lassota - us\u0142ugi prawne, doradztwo i szkolenia prawne.","og_url":"https:\/\/lassotakrawiec.pl\/en\/about-us\/","og_site_name":"kancelaria prawna Lassota Krawiec sp. j. - Adwokaci, Radcy Prawni - Krak\u00f3w, Warszawa","article_publisher":"https:\/\/www.facebook.com\/lassotakrawiec","article_modified_time":"2020-05-25T15:26:33+00:00","twitter_card":"summary_large_image","twitter_misc":{"Est. reading time":"1 minute"},"schema":{"@context":"https:\/\/schema.org","@graph":[{"@type":"WebPage","@id":"https:\/\/lassotakrawiec.pl\/en\/about-us\/","url":"https:\/\/lassotakrawiec.pl\/en\/about-us\/","name":"About Us","isPartOf":{"@id":"https:\/\/lassotakrawiec.pl\/en\/#website"},"datePublished":"2019-01-03T16:35:53+00:00","dateModified":"2020-05-25T15:26:33+00:00","description":"Kancelaria Lassota - us\u0142ugi prawne, doradztwo i szkolenia prawne.","breadcrumb":{"@id":"https:\/\/lassotakrawiec.pl\/en\/about-us\/#breadcrumb"},"inLanguage":"en-US","potentialAction":[{"@type":"ReadAction","target":["https:\/\/lassotakrawiec.pl\/en\/about-us\/"]}]},{"@type":"BreadcrumbList","@id":"https:\/\/lassotakrawiec.pl\/en\/about-us\/#breadcrumb","itemListElement":[{"@type":"ListItem","position":1,"name":"Strona g\u0142\u00f3wna","item":"https:\/\/lassotakrawiec.pl\/en\/"},{"@type":"ListItem","position":2,"name":"About Us"}]},{"@type":"WebSite","@id":"https:\/\/lassotakrawiec.pl\/en\/#website","url":"https:\/\/lassotakrawiec.pl\/en\/","name":"kancelaria prawna Lassota Krawiec sp. j. - Adwokaci, Radcy Prawni - Krak\u00f3w, Warszawa","description":"kancelaria prawna Lassota Krawiec sp. j. dzia\u0142a w miastach Krak\u00f3w i Warszawa. \u015awiadczone us\u0142ugi - pomoc prawna, doradztwo prawne, szkolenia prawne.","publisher":{"@id":"https:\/\/lassotakrawiec.pl\/en\/#organization"},"potentialAction":[{"@type":"SearchAction","target":{"@type":"EntryPoint","urlTemplate":"https:\/\/lassotakrawiec.pl\/en\/?s={search_term_string}"},"query-input":{"@type":"PropertyValueSpecification","valueRequired":true,"valueName":"search_term_string"}}],"inLanguage":"en-US"},{"@type":"Organization","@id":"https:\/\/lassotakrawiec.pl\/en\/#organization","name":"Kancelaria Lassota sp. j.","alternateName":"Kancelaria Lassota sp. j.","url":"https:\/\/lassotakrawiec.pl\/en\/","logo":{"@type":"ImageObject","inLanguage":"en-US","@id":"https:\/\/lassotakrawiec.pl\/en\/#\/schema\/logo\/image\/","url":"https:\/\/lassotakrawiec.pl\/wp-content\/uploads\/2020\/05\/cropped-lassota_krawiec_rgb_kwadrat.jpg","contentUrl":"https:\/\/lassotakrawiec.pl\/wp-content\/uploads\/2020\/05\/cropped-lassota_krawiec_rgb_kwadrat.jpg","width":512,"height":512,"caption":"Kancelaria Lassota sp. j."},"image":{"@id":"https:\/\/lassotakrawiec.pl\/en\/#\/schema\/logo\/image\/"},"sameAs":["https:\/\/www.facebook.com\/lassotakrawiec"]}]}},"_links":{"self":[{"href":"https:\/\/lassotakrawiec.pl\/en\/wp-json\/wp\/v2\/pages\/565","targetHints":{"allow":["GET"]}}],"collection":[{"href":"https:\/\/lassotakrawiec.pl\/en\/wp-json\/wp\/v2\/pages"}],"about":[{"href":"https:\/\/lassotakrawiec.pl\/en\/wp-json\/wp\/v2\/types\/page"}],"author":[{"embeddable":true,"href":"https:\/\/lassotakrawiec.pl\/en\/wp-json\/wp\/v2\/users\/3"}],"replies":[{"embeddable":true,"href":"https:\/\/lassotakrawiec.pl\/en\/wp-json\/wp\/v2\/comments?post=565"}],"version-history":[{"count":5,"href":"https:\/\/lassotakrawiec.pl\/en\/wp-json\/wp\/v2\/pages\/565\/revisions"}],"predecessor-version":[{"id":980,"href":"https:\/\/lassotakrawiec.pl\/en\/wp-json\/wp\/v2\/pages\/565\/revisions\/980"}],"wp:attachment":[{"href":"https:\/\/lassotakrawiec.pl\/en\/wp-json\/wp\/v2\/media?parent=565"}],"curies":[{"name":"wp","href":"https:\/\/api.w.org\/{rel}","templated":true}]}}